{"id":10,"date":"2025-07-24T15:54:54","date_gmt":"2025-07-24T15:54:54","guid":{"rendered":"https:\/\/orthodoxchurchpbo.org.uk\/?page_id=10"},"modified":"2025-10-15T18:57:20","modified_gmt":"2025-10-15T18:57:20","slug":"home","status":"publish","type":"page","link":"https:\/\/orthodoxchurchpbo.org.uk\/ro\/","title":{"rendered":"Acas\u0103"},"content":{"rendered":"<div class=\"wp-block-buttons is-layout-flex wp-block-buttons-is-layout-flex\"><\/div>\n\n\n\n<div class=\"wp-block-columns are-vertically-aligned-center is-layout-flex wp-container-core-columns-is-layout-28f84493 wp-block-columns-is-layout-flex\">\n<div class=\"wp-block-column is-vertically-aligned-center is-layout-flow wp-block-column-is-layout-flow\">\n<h1 class=\"wp-block-heading\">Parohia Ortodox\u0103  Rom\u00e2n\u0103 &#8220;Sf\u00e2ntul Grigorie Palama&#8221;, Peterborough &#8212;&#8212;&#8212;&#8212;&#8212;&#8212;&#8212;&#8212;&#8212;- Romanian Orthodox Church of Saint Gregory Palamas in Peterborough<\/h1>\n\n\n\n<p>Christ Church<\/p>\n\n\n\n<p>2 Bensted, Orton Gordhay, Peterborough, PE2 5JJ<\/p>\n\n\n\n<div class=\"wp-block-group is-nowrap is-layout-flex wp-container-core-group-is-layout-6c531013 wp-block-group-is-layout-flex\">\n<div class=\"wp-block-buttons is-layout-flex wp-block-buttons-is-layout-flex\">\n<div class=\"wp-block-button\"><a class=\"wp-block-button__link wp-element-button\" href=\"https:\/\/orthodoxchurchpbo.org.uk\/ro\/services\/\">Programul Slujbelor \/ Schedule of Services Peterborough<\/a><\/div>\n<\/div>\n<\/div>\n\n\n\n<div class=\"wp-block-buttons is-layout-flex wp-block-buttons-is-layout-flex\">\n<div class=\"wp-block-button\"><a class=\"wp-block-button__link wp-element-button\" href=\"https:\/\/orthodoxchurchpbo.org.uk\/ro\/about\/\">Informa\u021bii \/ Learn more<\/a><\/div>\n<\/div>\n<\/div>\n\n\n\n<div class=\"wp-block-column is-vertically-aligned-center is-layout-flow wp-block-column-is-layout-flow\">\n<figure class=\"wp-block-image size-full is-resized\"><img loading=\"lazy\" decoding=\"async\" width=\"510\" height=\"709\" src=\"https:\/\/orthodoxchurchpbo.org.uk\/wp-content\/uploads\/2025\/07\/sf.GrigoriePalamaLarge.jpg\" alt=\"\" class=\"wp-image-34\" style=\"width:532px;height:auto\" srcset=\"https:\/\/orthodoxchurchpbo.org.uk\/wp-content\/uploads\/2025\/07\/sf.GrigoriePalamaLarge.jpg 510w, https:\/\/orthodoxchurchpbo.org.uk\/wp-content\/uploads\/2025\/07\/sf.GrigoriePalamaLarge-216x300.jpg 216w\" sizes=\"auto, (max-width: 510px) 100vw, 510px\" \/><\/figure>\n<\/div>\n<\/div>\n\n\n\n<p><\/p>\n\n\n\n<p><\/p>","protected":false},"excerpt":{"rendered":"<p>Parohia Ortodox\u0103 Rom\u00e2n\u0103 &#8220;Sf\u00e2ntul Grigorie Palama&#8221;, Peterborough &#8212;&#8212;&#8212;&#8212;&#8212;&#8212;&#8212;&#8212;&#8212;- Romanian Orthodox Church of Saint Gregory Palamas in Peterborough Christ Church 2 Bensted, Orton Gordhay, Peterborough, PE2 5JJ<\/p>","protected":false},"author":1,"featured_media":0,"parent":0,"menu_order":0,"comment_status":"closed","ping_status":"closed","template":"","meta":{"footnotes":""},"class_list":["post-10","page","type-page","status-publish","hentry"],"yoast_head":"<!-- This site is optimized with the Yoast SEO plugin v27.5 - https:\/\/yoast.com\/product\/yoast-seo-wordpress\/ -->\n<title>Home - Romanian Orthodox Church Peterborough<\/title>\n<meta name=\"description\" content=\"The Romanian Orthodox church in Peterborough Great Britain is part of the Roamanian Orthodox Archdiocese of Great Britain and Northen Ireland\" \/>\n<meta name=\"robots\" content=\"index, follow, max-snippet:-1, max-image-preview:large, max-video-preview:-1\" \/>\n<link rel=\"canonical\" href=\"https:\/\/orthodoxchurchpbo.org.uk\/ro\/\" \/>\n<meta property=\"og:locale\" content=\"ro_RO\" \/>\n<meta property=\"og:type\" content=\"article\" \/>\n<meta property=\"og:title\" content=\"Home - Romanian Orthodox Church Peterborough\" \/>\n<meta property=\"og:description\" content=\"The Romanian Orthodox church in Peterborough Great Britain is part of the Roamanian Orthodox Archdiocese of Great Britain and Northen Ireland\" \/>\n<meta property=\"og:url\" content=\"https:\/\/orthodoxchurchpbo.org.uk\/ro\/\" \/>\n<meta property=\"og:site_name\" content=\"Romanian Orthodox Church Peterborough\" \/>\n<meta property=\"article:publisher\" content=\"https:\/\/www.facebook.com\/groups\/707407328158872\/discussion\/preview\" \/>\n<meta property=\"article:modified_time\" content=\"2025-10-15T18:57:20+00:00\" \/>\n<meta property=\"og:image\" content=\"https:\/\/orthodoxchurchpbo.org.uk\/wp-content\/uploads\/2025\/07\/sf.GrigoriePalamaLarge.jpg\" \/>\n\t<meta property=\"og:image:width\" content=\"510\" \/>\n\t<meta property=\"og:image:height\" content=\"709\" \/>\n\t<meta property=\"og:image:type\" content=\"image\/jpeg\" \/>\n<meta name=\"twitter:card\" content=\"summary_large_image\" \/>\n<meta name=\"twitter:label1\" content=\"Timp estimat pentru citire\" \/>\n\t<meta name=\"twitter:data1\" content=\"1 minut\" \/>\n<script type=\"application\/ld+json\" class=\"yoast-schema-graph\">{\"@context\":\"https:\\\/\\\/schema.org\",\"@graph\":[{\"@type\":\"WebPage\",\"@id\":\"https:\\\/\\\/orthodoxchurchpbo.org.uk\\\/\",\"url\":\"https:\\\/\\\/orthodoxchurchpbo.org.uk\\\/\",\"name\":\"Home - Romanian Orthodox Church Peterborough\",\"isPartOf\":{\"@id\":\"https:\\\/\\\/orthodoxchurchpbo.org.uk\\\/#website\"},\"primaryImageOfPage\":{\"@id\":\"https:\\\/\\\/orthodoxchurchpbo.org.uk\\\/#primaryimage\"},\"image\":{\"@id\":\"https:\\\/\\\/orthodoxchurchpbo.org.uk\\\/#primaryimage\"},\"thumbnailUrl\":\"https:\\\/\\\/orthodoxchurchpbo.org.uk\\\/wp-content\\\/uploads\\\/2025\\\/07\\\/sf.GrigoriePalamaLarge.jpg\",\"datePublished\":\"2025-07-24T15:54:54+00:00\",\"dateModified\":\"2025-10-15T18:57:20+00:00\",\"description\":\"The Romanian Orthodox church in Peterborough Great Britain is part of the Roamanian Orthodox Archdiocese of Great Britain and Northen Ireland\",\"breadcrumb\":{\"@id\":\"https:\\\/\\\/orthodoxchurchpbo.org.uk\\\/#breadcrumb\"},\"inLanguage\":\"ro-RO\",\"potentialAction\":[{\"@type\":\"ReadAction\",\"target\":[\"https:\\\/\\\/orthodoxchurchpbo.org.uk\\\/\"]}]},{\"@type\":\"ImageObject\",\"inLanguage\":\"ro-RO\",\"@id\":\"https:\\\/\\\/orthodoxchurchpbo.org.uk\\\/#primaryimage\",\"url\":\"https:\\\/\\\/orthodoxchurchpbo.org.uk\\\/wp-content\\\/uploads\\\/2025\\\/07\\\/sf.GrigoriePalamaLarge.jpg\",\"contentUrl\":\"https:\\\/\\\/orthodoxchurchpbo.org.uk\\\/wp-content\\\/uploads\\\/2025\\\/07\\\/sf.GrigoriePalamaLarge.jpg\"},{\"@type\":\"BreadcrumbList\",\"@id\":\"https:\\\/\\\/orthodoxchurchpbo.org.uk\\\/#breadcrumb\",\"itemListElement\":[{\"@type\":\"ListItem\",\"position\":1,\"name\":\"Home\",\"item\":\"https:\\\/\\\/orthodoxchurchpbo.org.uk\\\/\"},{\"@type\":\"ListItem\",\"position\":2,\"name\":\"Home\"}]},{\"@type\":\"WebSite\",\"@id\":\"https:\\\/\\\/orthodoxchurchpbo.org.uk\\\/#website\",\"url\":\"https:\\\/\\\/orthodoxchurchpbo.org.uk\\\/\",\"name\":\"Romanian Orthodox Church Peterborough\",\"description\":\"Peace to all!\",\"publisher\":{\"@id\":\"https:\\\/\\\/orthodoxchurchpbo.org.uk\\\/#organization\"},\"potentialAction\":[{\"@type\":\"SearchAction\",\"target\":{\"@type\":\"EntryPoint\",\"urlTemplate\":\"https:\\\/\\\/orthodoxchurchpbo.org.uk\\\/?s={search_term_string}\"},\"query-input\":{\"@type\":\"PropertyValueSpecification\",\"valueRequired\":true,\"valueName\":\"search_term_string\"}}],\"inLanguage\":\"ro-RO\"},{\"@type\":\"Organization\",\"@id\":\"https:\\\/\\\/orthodoxchurchpbo.org.uk\\\/#organization\",\"name\":\"Romanian Orthodox Church Peterborough\",\"url\":\"https:\\\/\\\/orthodoxchurchpbo.org.uk\\\/\",\"logo\":{\"@type\":\"ImageObject\",\"inLanguage\":\"ro-RO\",\"@id\":\"https:\\\/\\\/orthodoxchurchpbo.org.uk\\\/#\\\/schema\\\/logo\\\/image\\\/\",\"url\":\"https:\\\/\\\/orthodoxchurchpbo.org.uk\\\/wp-content\\\/uploads\\\/2025\\\/07\\\/sf.GrigoriePalama.jpg\",\"contentUrl\":\"https:\\\/\\\/orthodoxchurchpbo.org.uk\\\/wp-content\\\/uploads\\\/2025\\\/07\\\/sf.GrigoriePalama.jpg\",\"width\":510,\"height\":709,\"caption\":\"Romanian Orthodox Church Peterborough\"},\"image\":{\"@id\":\"https:\\\/\\\/orthodoxchurchpbo.org.uk\\\/#\\\/schema\\\/logo\\\/image\\\/\"},\"sameAs\":[\"https:\\\/\\\/www.facebook.com\\\/groups\\\/707407328158872\\\/discussion\\\/preview\"]}]}<\/script>\n<!-- \/ Yoast SEO plugin. -->","yoast_head_json":{"title":"Home - Romanian Orthodox Church Peterborough","description":"The Romanian Orthodox church in Peterborough Great Britain is part of the Roamanian Orthodox Archdiocese of Great Britain and Northen Ireland","robots":{"index":"index","follow":"follow","max-snippet":"max-snippet:-1","max-image-preview":"max-image-preview:large","max-video-preview":"max-video-preview:-1"},"canonical":"https:\/\/orthodoxchurchpbo.org.uk\/ro\/","og_locale":"ro_RO","og_type":"article","og_title":"Home - Romanian Orthodox Church Peterborough","og_description":"The Romanian Orthodox church in Peterborough Great Britain is part of the Roamanian Orthodox Archdiocese of Great Britain and Northen Ireland","og_url":"https:\/\/orthodoxchurchpbo.org.uk\/ro\/","og_site_name":"Romanian Orthodox Church Peterborough","article_publisher":"https:\/\/www.facebook.com\/groups\/707407328158872\/discussion\/preview","article_modified_time":"2025-10-15T18:57:20+00:00","og_image":[{"width":510,"height":709,"url":"https:\/\/orthodoxchurchpbo.org.uk\/wp-content\/uploads\/2025\/07\/sf.GrigoriePalamaLarge.jpg","type":"image\/jpeg"}],"twitter_card":"summary_large_image","twitter_misc":{"Timp estimat pentru citire":"1 minut"},"schema":{"@context":"https:\/\/schema.org","@graph":[{"@type":"WebPage","@id":"https:\/\/orthodoxchurchpbo.org.uk\/","url":"https:\/\/orthodoxchurchpbo.org.uk\/","name":"Home - Romanian Orthodox Church Peterborough","isPartOf":{"@id":"https:\/\/orthodoxchurchpbo.org.uk\/#website"},"primaryImageOfPage":{"@id":"https:\/\/orthodoxchurchpbo.org.uk\/#primaryimage"},"image":{"@id":"https:\/\/orthodoxchurchpbo.org.uk\/#primaryimage"},"thumbnailUrl":"https:\/\/orthodoxchurchpbo.org.uk\/wp-content\/uploads\/2025\/07\/sf.GrigoriePalamaLarge.jpg","datePublished":"2025-07-24T15:54:54+00:00","dateModified":"2025-10-15T18:57:20+00:00","description":"The Romanian Orthodox church in Peterborough Great Britain is part of the Roamanian Orthodox Archdiocese of Great Britain and Northen Ireland","breadcrumb":{"@id":"https:\/\/orthodoxchurchpbo.org.uk\/#breadcrumb"},"inLanguage":"ro-RO","potentialAction":[{"@type":"ReadAction","target":["https:\/\/orthodoxchurchpbo.org.uk\/"]}]},{"@type":"ImageObject","inLanguage":"ro-RO","@id":"https:\/\/orthodoxchurchpbo.org.uk\/#primaryimage","url":"https:\/\/orthodoxchurchpbo.org.uk\/wp-content\/uploads\/2025\/07\/sf.GrigoriePalamaLarge.jpg","contentUrl":"https:\/\/orthodoxchurchpbo.org.uk\/wp-content\/uploads\/2025\/07\/sf.GrigoriePalamaLarge.jpg"},{"@type":"BreadcrumbList","@id":"https:\/\/orthodoxchurchpbo.org.uk\/#breadcrumb","itemListElement":[{"@type":"ListItem","position":1,"name":"Home","item":"https:\/\/orthodoxchurchpbo.org.uk\/"},{"@type":"ListItem","position":2,"name":"Home"}]},{"@type":"WebSite","@id":"https:\/\/orthodoxchurchpbo.org.uk\/#website","url":"https:\/\/orthodoxchurchpbo.org.uk\/","name":"Biserica Ortodox\u0103 Rom\u00e2n\u0103 Peterborough","description":"Peace to all!","publisher":{"@id":"https:\/\/orthodoxchurchpbo.org.uk\/#organization"},"potentialAction":[{"@type":"SearchAction","target":{"@type":"EntryPoint","urlTemplate":"https:\/\/orthodoxchurchpbo.org.uk\/?s={search_term_string}"},"query-input":{"@type":"PropertyValueSpecification","valueRequired":true,"valueName":"search_term_string"}}],"inLanguage":"ro-RO"},{"@type":"Organization","@id":"https:\/\/orthodoxchurchpbo.org.uk\/#organization","name":"Biserica Ortodox\u0103 Rom\u00e2n\u0103 Peterborough","url":"https:\/\/orthodoxchurchpbo.org.uk\/","logo":{"@type":"ImageObject","inLanguage":"ro-RO","@id":"https:\/\/orthodoxchurchpbo.org.uk\/#\/schema\/logo\/image\/","url":"https:\/\/orthodoxchurchpbo.org.uk\/wp-content\/uploads\/2025\/07\/sf.GrigoriePalama.jpg","contentUrl":"https:\/\/orthodoxchurchpbo.org.uk\/wp-content\/uploads\/2025\/07\/sf.GrigoriePalama.jpg","width":510,"height":709,"caption":"Romanian Orthodox Church Peterborough"},"image":{"@id":"https:\/\/orthodoxchurchpbo.org.uk\/#\/schema\/logo\/image\/"},"sameAs":["https:\/\/www.facebook.com\/groups\/707407328158872\/discussion\/preview"]}]}},"_links":{"self":[{"href":"https:\/\/orthodoxchurchpbo.org.uk\/ro\/wp-json\/wp\/v2\/pages\/10","targetHints":{"allow":["GET"]}}],"collection":[{"href":"https:\/\/orthodoxchurchpbo.org.uk\/ro\/wp-json\/wp\/v2\/pages"}],"about":[{"href":"https:\/\/orthodoxchurchpbo.org.uk\/ro\/wp-json\/wp\/v2\/types\/page"}],"author":[{"embeddable":true,"href":"https:\/\/orthodoxchurchpbo.org.uk\/ro\/wp-json\/wp\/v2\/users\/1"}],"replies":[{"embeddable":true,"href":"https:\/\/orthodoxchurchpbo.org.uk\/ro\/wp-json\/wp\/v2\/comments?post=10"}],"version-history":[{"count":8,"href":"https:\/\/orthodoxchurchpbo.org.uk\/ro\/wp-json\/wp\/v2\/pages\/10\/revisions"}],"predecessor-version":[{"id":94,"href":"https:\/\/orthodoxchurchpbo.org.uk\/ro\/wp-json\/wp\/v2\/pages\/10\/revisions\/94"}],"wp:attachment":[{"href":"https:\/\/orthodoxchurchpbo.org.uk\/ro\/wp-json\/wp\/v2\/media?parent=10"}],"curies":[{"name":"wp","href":"https:\/\/api.w.org\/{rel}","templated":true}]}}