{"id":20,"date":"2025-07-24T15:58:13","date_gmt":"2025-07-24T15:58:13","guid":{"rendered":"https:\/\/orthodoxchurchpbo.org.uk\/?page_id=20"},"modified":"2026-04-04T19:21:38","modified_gmt":"2026-04-04T19:21:38","slug":"services","status":"publish","type":"page","link":"https:\/\/orthodoxchurchpbo.org.uk\/ro\/services\/","title":{"rendered":"Programul Slujbelor \/ Schedule of Services Peterborough"},"content":{"rendered":"<h4 class=\"wp-block-heading\">Programul Slujbelor \u00een biserica noastr\u0103 \u00een 2026<\/h4>\n\n\n\n<p>\u00centalnirile noastre au loc la biserica Christ Church \u00een Orton Goldhay.<br>Pentru adres\u0103, verific\u0103 pagina de <a href=\"https:\/\/orthodoxchurchpbo.org.uk\/ro\/contact\/\">contact<\/a>.<\/p>\n\n\n\n<div class=\"wp-block-group has-global-padding is-layout-constrained wp-block-group-is-layout-constrained\">\n<h2 class=\"wp-block-heading\"><\/h2>\n<\/div>\n\n\n\n<div class=\"wp-block-group has-global-padding is-layout-constrained wp-block-group-is-layout-constrained\">\n<h4 class=\"wp-block-heading\">Aprilie<\/h4>\n\n\n\n<div class=\"wp-block-columns is-layout-flex wp-container-core-columns-is-layout-28f84493 wp-block-columns-is-layout-flex\">\n<div class=\"wp-block-column is-layout-flow wp-block-column-is-layout-flow\">\n<p><strong><strong><strong><strong><strong><strong><strong>Miercuri<\/strong> 8 <strong><strong>aprilie<\/strong><\/strong><\/strong><\/strong><\/strong><\/strong><\/strong><\/strong><\/p>\n\n\n\n<ul class=\"wp-block-list\">\n<li>18.00 Denie<\/li>\n<\/ul>\n<\/div>\n\n\n\n<div class=\"wp-block-column is-layout-flow wp-block-column-is-layout-flow\">\n<p><strong><strong><strong><strong><strong><strong><strong><strong><strong><strong><strong>Joi<\/strong><\/strong><\/strong><\/strong><\/strong><\/strong><\/strong><\/strong> 9 <strong><strong>aprilie<\/strong><\/strong><\/strong><\/strong><\/strong><\/p>\n\n\n\n<ul class=\"wp-block-list\">\n<li>18:00 Denia celor 12 Evanghelii<br><\/li>\n<\/ul>\n<\/div>\n<\/div>\n<\/div>\n\n\n\n<div class=\"wp-block-columns is-layout-flex wp-container-core-columns-is-layout-28f84493 wp-block-columns-is-layout-flex\">\n<div class=\"wp-block-column is-layout-flow wp-block-column-is-layout-flow\">\n<p><strong><strong><strong>Vineri<\/strong> 10 aprilie<\/strong><\/strong><\/p>\n\n\n\n<ul class=\"wp-block-list\">\n<li>18.00 Denia Prohodului Domnului<\/li>\n<\/ul>\n<\/div>\n\n\n\n<div class=\"wp-block-column is-layout-flow wp-block-column-is-layout-flow\">\n<p><strong><strong><strong><strong><strong><strong><strong><strong><strong><strong><strong><strong><strong><strong><strong><strong><strong><strong>S\u00e2mb\u0103t\u0103<\/strong><\/strong><\/strong><\/strong><\/strong><\/strong><\/strong><\/strong><\/strong><\/strong><\/strong><\/strong> 11 <strong><strong>aprilie<\/strong><\/strong><\/strong><\/strong><\/strong><\/strong><\/strong><\/strong><\/p>\n\n\n\n<ul class=\"wp-block-list\">\n<li>Slujba de \u00cenviere se va organiza seara, la catedrala din centrul ora\u0219ului Peterborough<\/li>\n<\/ul>\n<\/div>\n\n\n\n<div class=\"wp-block-column is-layout-flow wp-block-column-is-layout-flow\">\n<p><strong><strong><strong><strong><strong><strong><strong><strong><strong><strong><strong>Luni<\/strong><\/strong><\/strong><\/strong><\/strong><\/strong><\/strong><\/strong> 13 <strong><strong>aprilie<\/strong><\/strong><\/strong><\/strong><\/strong><\/p>\n\n\n\n<ul class=\"wp-block-list\">\n<li>10.00 Dumnezeiasca Liturghie<br><\/li>\n<\/ul>\n<\/div>\n<\/div>\n\n\n\n<div class=\"wp-block-columns is-layout-flex wp-container-core-columns-is-layout-28f84493 wp-block-columns-is-layout-flex\">\n<div class=\"wp-block-column is-layout-flow wp-block-column-is-layout-flow\">\n<p><strong><strong><strong>Vineri<\/strong> 17 aprilie<\/strong><\/strong><\/p>\n\n\n\n<ul class=\"wp-block-list\">\n<li>10.00 Dumnezeiasca Liturghie<\/li>\n<\/ul>\n<\/div>\n\n\n\n<div class=\"wp-block-column is-layout-flow wp-block-column-is-layout-flow\">\n<p><strong><strong><strong><strong><strong><strong><strong><strong><strong><strong><strong><strong><strong><strong><strong><strong><strong><strong>S\u00e2mb\u0103t\u0103<\/strong><\/strong><\/strong><\/strong><\/strong><\/strong><\/strong><\/strong><\/strong><\/strong><\/strong><\/strong> 18 <strong><strong>aprilie<\/strong><\/strong><\/strong><\/strong><\/strong><\/strong><\/strong><\/strong><\/p>\n\n\n\n<ul class=\"wp-block-list\">\n<li>10.00 Dumnezeiasca Liturghie<\/li>\n<\/ul>\n<\/div>\n\n\n\n<div class=\"wp-block-column is-layout-flow wp-block-column-is-layout-flow\">\n<p><strong><strong><strong><strong><strong><strong><strong><strong><strong><strong><strong>Joi<\/strong><\/strong><\/strong><\/strong><\/strong><\/strong><\/strong><\/strong> 23 <strong><strong>aprilie<\/strong><\/strong><\/strong><\/strong><\/strong><\/p>\n\n\n\n<ul class=\"wp-block-list\">\n<li>10.00 Dumnezeiasca Liturghie<br><\/li>\n<\/ul>\n<\/div>\n<\/div>\n\n\n\n<figure class=\"wp-block-image aligncenter size-full\"><a href=\"https:\/\/givealittle.co\/c\/donatiiParohiaGrigoriePalama\"><img loading=\"lazy\" decoding=\"async\" width=\"243\" height=\"319\" src=\"https:\/\/orthodoxchurchpbo.org.uk\/wp-content\/uploads\/2026\/04\/image.png\" alt=\"\" class=\"wp-image-116\" srcset=\"https:\/\/orthodoxchurchpbo.org.uk\/wp-content\/uploads\/2026\/04\/image.png 243w, https:\/\/orthodoxchurchpbo.org.uk\/wp-content\/uploads\/2026\/04\/image-229x300.png 229w, https:\/\/orthodoxchurchpbo.org.uk\/wp-content\/uploads\/2026\/04\/image-9x12.png 9w\" sizes=\"auto, (max-width: 243px) 100vw, 243px\" \/><\/a><\/figure>\n\n\n\n<p><mark style=\"background-color:#EBF2F4\" class=\"has-inline-color\">Pentru dona\u021bii, v\u0103 rug\u0103m s\u0103 accesa\u021bi pagina:<br><\/mark><a href=\"https:\/\/givealittle.co\/c\/donatiiParohiaGrigoriePalama\"><mark style=\"background-color:#FFFFFF\" class=\"has-inline-color\">https:\/\/givealittle.co\/c\/donatiiParohiaGrigoriePalama<\/mark><\/a><mark style=\"background-color:#EBF2F4\" class=\"has-inline-color\"><br><\/mark><br><mark style=\"background-color:#EBF2F4\" class=\"has-inline-color\">Sau pute<mark style=\"background-color:#EBF2F4\" class=\"has-inline-color\">\u021bi<\/mark> folosi urm\u0103toarele detalii bancare:<br><strong>&#8211; cont de tip business la banca Natwest<br>Romanian Orthodox Parish St. Grigorie Palama Peterborough<br>Account number 66828414<br>Sort code 53-61-15<\/strong><br><br>V\u0103 mul\u021bumim!<\/mark><\/p>\n\n\n\n<p><\/p>\n\n\n\n<h4 class=\"wp-block-heading\">Schedule of services in our church for 2026<\/h4>\n\n\n\n<p>All our meetings will take place at Christ Church in Orton Goldhay.<br>Check the <a href=\"https:\/\/orthodoxchurchpbo.org.uk\/ro\/contact\/\">contact<\/a> pentru adres\u0103.<\/p>\n\n\n\n<div class=\"wp-block-group has-global-padding is-layout-constrained wp-block-group-is-layout-constrained\"><\/div>\n\n\n\n<h4 class=\"wp-block-heading\">April<\/h4>\n\n\n\n<div class=\"wp-block-columns is-layout-flex wp-container-core-columns-is-layout-28f84493 wp-block-columns-is-layout-flex\">\n<div class=\"wp-block-column is-layout-flow wp-block-column-is-layout-flow\">\n<p><strong>Wednesday 8th<\/strong><\/p>\n\n\n\n<ul class=\"wp-block-list\">\n<li>18:00 Evening service during Passion week<\/li>\n<\/ul>\n<\/div>\n\n\n\n<div class=\"wp-block-column is-layout-flow wp-block-column-is-layout-flow\">\n<p><strong>Thursday 9th<\/strong><\/p>\n\n\n\n<ul class=\"wp-block-list\">\n<li>18:00 Evening service during Passion week<\/li>\n<\/ul>\n<\/div>\n<\/div>\n\n\n\n<div class=\"wp-block-columns is-layout-flex wp-container-core-columns-is-layout-28f84493 wp-block-columns-is-layout-flex\">\n<div class=\"wp-block-column is-layout-flow wp-block-column-is-layout-flow\">\n<p><strong>Friday 10th<\/strong><\/p>\n\n\n\n<ul class=\"wp-block-list\">\n<li>18:00 Lamentation Matins<\/li>\n<\/ul>\n<\/div>\n\n\n\n<div class=\"wp-block-column is-layout-flow wp-block-column-is-layout-flow\">\n<p><strong>Saturday 11th<\/strong><\/p>\n\n\n\n<ul class=\"wp-block-list\">\n<li>Resurrection service in the evening, at the Peterborough Cathedral<\/li>\n<\/ul>\n<\/div>\n\n\n\n<div class=\"wp-block-column is-layout-flow wp-block-column-is-layout-flow\">\n<p><strong>Monday 13th<\/strong><\/p>\n\n\n\n<ul class=\"wp-block-list\">\n<li>10.00 Dumnezeiasca Liturghie<\/li>\n<\/ul>\n<\/div>\n<\/div>\n\n\n\n<div class=\"wp-block-columns is-layout-flex wp-container-core-columns-is-layout-28f84493 wp-block-columns-is-layout-flex\">\n<div class=\"wp-block-column is-layout-flow wp-block-column-is-layout-flow\">\n<p><strong>Friday 17th<\/strong><\/p>\n\n\n\n<ul class=\"wp-block-list\">\n<li>10.00 Dumnezeiasca Liturghie<\/li>\n<\/ul>\n<\/div>\n\n\n\n<div class=\"wp-block-column is-layout-flow wp-block-column-is-layout-flow\">\n<p><strong>S\u00e2mb\u0103t\u0103 18<\/strong><\/p>\n\n\n\n<ul class=\"wp-block-list\">\n<li>10.00 Dumnezeiasca Liturghie<\/li>\n<\/ul>\n<\/div>\n\n\n\n<div class=\"wp-block-column is-layout-flow wp-block-column-is-layout-flow\">\n<p><strong>Thursday 23rd<\/strong><\/p>\n\n\n\n<ul class=\"wp-block-list\">\n<li>10.00 Dumnezeiasca Liturghie<\/li>\n<\/ul>\n<\/div>\n<\/div>\n\n\n\n<div class=\"wp-block-group has-global-padding is-layout-constrained wp-block-group-is-layout-constrained\">\n<figure class=\"wp-block-image alignfull size-full\"><img loading=\"lazy\" decoding=\"async\" width=\"800\" height=\"460\" src=\"https:\/\/orthodoxchurchpbo.org.uk\/wp-content\/uploads\/2025\/08\/Nasterea_Domnului.jpg\" alt=\"\" class=\"wp-image-58\" srcset=\"https:\/\/orthodoxchurchpbo.org.uk\/wp-content\/uploads\/2025\/08\/Nasterea_Domnului.jpg 800w, https:\/\/orthodoxchurchpbo.org.uk\/wp-content\/uploads\/2025\/08\/Nasterea_Domnului-300x173.jpg 300w, https:\/\/orthodoxchurchpbo.org.uk\/wp-content\/uploads\/2025\/08\/Nasterea_Domnului-768x442.jpg 768w, https:\/\/orthodoxchurchpbo.org.uk\/wp-content\/uploads\/2025\/08\/Nasterea_Domnului-18x10.jpg 18w\" sizes=\"auto, (max-width: 800px) 100vw, 800px\" \/><\/figure>\n<\/div>\n\n\n\n<figure class=\"wp-block-image aligncenter size-full\"><a href=\"https:\/\/givealittle.co\/c\/donatiiParohiaGrigoriePalama\"><img loading=\"lazy\" decoding=\"async\" width=\"243\" height=\"319\" src=\"https:\/\/orthodoxchurchpbo.org.uk\/wp-content\/uploads\/2026\/04\/image.png\" alt=\"\" class=\"wp-image-116\" srcset=\"https:\/\/orthodoxchurchpbo.org.uk\/wp-content\/uploads\/2026\/04\/image.png 243w, https:\/\/orthodoxchurchpbo.org.uk\/wp-content\/uploads\/2026\/04\/image-229x300.png 229w, https:\/\/orthodoxchurchpbo.org.uk\/wp-content\/uploads\/2026\/04\/image-9x12.png 9w\" sizes=\"auto, (max-width: 243px) 100vw, 243px\" \/><\/a><\/figure>\n\n\n\n<p><mark style=\"background-color:#EBF2F4\" class=\"has-inline-color\">For donations, please follow this link:<br><\/mark><a href=\"https:\/\/givealittle.co\/c\/donatiiParohiaGrigoriePalama\"><mark style=\"background-color:#FFFFFF\" class=\"has-inline-color\">https:\/\/givealittle.co\/c\/donatiiParohiaGrigoriePalama<\/mark><\/a><mark style=\"background-color:#EBF2F4\" class=\"has-inline-color\"><br><\/mark><br><mark style=\"background-color:#EBF2F4\" class=\"has-inline-color\">Alternatively, please use the following bank details:<br><strong>&#8211; business account with Natwest<br>Romanian Orthodox Parish St. Grigorie Palama Peterborough<br>Account number 66828414<br>Sort code 53-61-15<\/strong><br><br>Thank you!<\/mark><\/p>","protected":false},"excerpt":{"rendered":"<p>Programul Slujbelor \u00een biserica noastr\u0103 \u00een 2026 \u00centalnirile noastre au loc la biserica Christ Church \u00een Orton Goldhay.Pentru adres\u0103, verific\u0103 pagina de contact. Aprilie Miercuri 8 aprilie Joi 9 aprilie Vineri 10 aprilie S\u00e2mb\u0103t\u0103 11 aprilie Luni 13 aprilie Vineri 17 aprilie S\u00e2mb\u0103t\u0103 18 aprilie Joi 23 aprilie Pentru dona\u021bii, v\u0103 rug\u0103m s\u0103 accesa\u021bi pagina:https:\/\/givealittle.co\/c\/donatiiParohiaGrigoriePalamaSau [&hellip;]<\/p>\n","protected":false},"author":1,"featured_media":0,"parent":0,"menu_order":-1,"comment_status":"closed","ping_status":"closed","template":"","meta":{"footnotes":""},"class_list":["post-20","page","type-page","status-publish","hentry"],"yoast_head":"<!-- This site is optimized with the Yoast SEO plugin v27.5 - https:\/\/yoast.com\/product\/yoast-seo-wordpress\/ -->\n<title>Programul Slujbelor \/ Schedule of Services Peterborough - Romanian Orthodox Church Peterborough<\/title>\n<meta name=\"description\" content=\"The schedule of services for the Romanian Orthodox Parish of Saint Gregory Palamas in Peterborough, Archdiocese of Great Britain\" \/>\n<meta name=\"robots\" content=\"index, follow, max-snippet:-1, max-image-preview:large, max-video-preview:-1\" \/>\n<link rel=\"canonical\" href=\"https:\/\/orthodoxchurchpbo.org.uk\/ro\/services\/\" \/>\n<meta property=\"og:locale\" content=\"ro_RO\" \/>\n<meta property=\"og:type\" content=\"article\" \/>\n<meta property=\"og:title\" content=\"Programul Slujbelor \/ Schedule of Services Peterborough - Romanian Orthodox Church Peterborough\" \/>\n<meta property=\"og:description\" content=\"The schedule of services for the Romanian Orthodox Parish of Saint Gregory Palamas in Peterborough, Archdiocese of Great Britain\" \/>\n<meta property=\"og:url\" content=\"https:\/\/orthodoxchurchpbo.org.uk\/ro\/services\/\" \/>\n<meta property=\"og:site_name\" content=\"Romanian Orthodox Church Peterborough\" \/>\n<meta property=\"article:publisher\" content=\"https:\/\/www.facebook.com\/groups\/707407328158872\/discussion\/preview\" \/>\n<meta property=\"article:modified_time\" content=\"2026-04-04T19:21:38+00:00\" \/>\n<meta property=\"og:image\" content=\"https:\/\/orthodoxchurchpbo.org.uk\/wp-content\/uploads\/2026\/04\/image.png\" \/>\n\t<meta property=\"og:image:width\" content=\"243\" \/>\n\t<meta property=\"og:image:height\" content=\"319\" \/>\n\t<meta property=\"og:image:type\" content=\"image\/png\" \/>\n<meta name=\"twitter:card\" content=\"summary_large_image\" \/>\n<meta name=\"twitter:label1\" content=\"Timp estimat pentru citire\" \/>\n\t<meta name=\"twitter:data1\" content=\"2 minute\" \/>\n<script type=\"application\/ld+json\" class=\"yoast-schema-graph\">{\"@context\":\"https:\\\/\\\/schema.org\",\"@graph\":[{\"@type\":\"WebPage\",\"@id\":\"https:\\\/\\\/orthodoxchurchpbo.org.uk\\\/services\\\/\",\"url\":\"https:\\\/\\\/orthodoxchurchpbo.org.uk\\\/services\\\/\",\"name\":\"Programul Slujbelor \\\/ Schedule of Services Peterborough - Romanian Orthodox Church Peterborough\",\"isPartOf\":{\"@id\":\"https:\\\/\\\/orthodoxchurchpbo.org.uk\\\/#website\"},\"primaryImageOfPage\":{\"@id\":\"https:\\\/\\\/orthodoxchurchpbo.org.uk\\\/services\\\/#primaryimage\"},\"image\":{\"@id\":\"https:\\\/\\\/orthodoxchurchpbo.org.uk\\\/services\\\/#primaryimage\"},\"thumbnailUrl\":\"https:\\\/\\\/orthodoxchurchpbo.org.uk\\\/wp-content\\\/uploads\\\/2026\\\/04\\\/image.png\",\"datePublished\":\"2025-07-24T15:58:13+00:00\",\"dateModified\":\"2026-04-04T19:21:38+00:00\",\"description\":\"The schedule of services for the Romanian Orthodox Parish of Saint Gregory Palamas in Peterborough, Archdiocese of Great Britain\",\"breadcrumb\":{\"@id\":\"https:\\\/\\\/orthodoxchurchpbo.org.uk\\\/services\\\/#breadcrumb\"},\"inLanguage\":\"ro-RO\",\"potentialAction\":[{\"@type\":\"ReadAction\",\"target\":[\"https:\\\/\\\/orthodoxchurchpbo.org.uk\\\/services\\\/\"]}]},{\"@type\":\"ImageObject\",\"inLanguage\":\"ro-RO\",\"@id\":\"https:\\\/\\\/orthodoxchurchpbo.org.uk\\\/services\\\/#primaryimage\",\"url\":\"https:\\\/\\\/orthodoxchurchpbo.org.uk\\\/wp-content\\\/uploads\\\/2026\\\/04\\\/image.png\",\"contentUrl\":\"https:\\\/\\\/orthodoxchurchpbo.org.uk\\\/wp-content\\\/uploads\\\/2026\\\/04\\\/image.png\"},{\"@type\":\"BreadcrumbList\",\"@id\":\"https:\\\/\\\/orthodoxchurchpbo.org.uk\\\/services\\\/#breadcrumb\",\"itemListElement\":[{\"@type\":\"ListItem\",\"position\":1,\"name\":\"Home\",\"item\":\"https:\\\/\\\/orthodoxchurchpbo.org.uk\\\/\"},{\"@type\":\"ListItem\",\"position\":2,\"name\":\"Programul Slujbelor \\\/ Schedule of Services Peterborough\"}]},{\"@type\":\"WebSite\",\"@id\":\"https:\\\/\\\/orthodoxchurchpbo.org.uk\\\/#website\",\"url\":\"https:\\\/\\\/orthodoxchurchpbo.org.uk\\\/\",\"name\":\"Romanian Orthodox Church Peterborough\",\"description\":\"Peace to all!\",\"publisher\":{\"@id\":\"https:\\\/\\\/orthodoxchurchpbo.org.uk\\\/#organization\"},\"potentialAction\":[{\"@type\":\"SearchAction\",\"target\":{\"@type\":\"EntryPoint\",\"urlTemplate\":\"https:\\\/\\\/orthodoxchurchpbo.org.uk\\\/?s={search_term_string}\"},\"query-input\":{\"@type\":\"PropertyValueSpecification\",\"valueRequired\":true,\"valueName\":\"search_term_string\"}}],\"inLanguage\":\"ro-RO\"},{\"@type\":\"Organization\",\"@id\":\"https:\\\/\\\/orthodoxchurchpbo.org.uk\\\/#organization\",\"name\":\"Romanian Orthodox Church Peterborough\",\"url\":\"https:\\\/\\\/orthodoxchurchpbo.org.uk\\\/\",\"logo\":{\"@type\":\"ImageObject\",\"inLanguage\":\"ro-RO\",\"@id\":\"https:\\\/\\\/orthodoxchurchpbo.org.uk\\\/#\\\/schema\\\/logo\\\/image\\\/\",\"url\":\"https:\\\/\\\/orthodoxchurchpbo.org.uk\\\/wp-content\\\/uploads\\\/2025\\\/07\\\/sf.GrigoriePalama.jpg\",\"contentUrl\":\"https:\\\/\\\/orthodoxchurchpbo.org.uk\\\/wp-content\\\/uploads\\\/2025\\\/07\\\/sf.GrigoriePalama.jpg\",\"width\":510,\"height\":709,\"caption\":\"Romanian Orthodox Church Peterborough\"},\"image\":{\"@id\":\"https:\\\/\\\/orthodoxchurchpbo.org.uk\\\/#\\\/schema\\\/logo\\\/image\\\/\"},\"sameAs\":[\"https:\\\/\\\/www.facebook.com\\\/groups\\\/707407328158872\\\/discussion\\\/preview\"]}]}<\/script>\n<!-- \/ Yoast SEO plugin. -->","yoast_head_json":{"title":"Programul Slujbelor \/ Schedule of Services Peterborough - Romanian Orthodox Church Peterborough","description":"The schedule of services for the Romanian Orthodox Parish of Saint Gregory Palamas in Peterborough, Archdiocese of Great Britain","robots":{"index":"index","follow":"follow","max-snippet":"max-snippet:-1","max-image-preview":"max-image-preview:large","max-video-preview":"max-video-preview:-1"},"canonical":"https:\/\/orthodoxchurchpbo.org.uk\/ro\/services\/","og_locale":"ro_RO","og_type":"article","og_title":"Programul Slujbelor \/ Schedule of Services Peterborough - Romanian Orthodox Church Peterborough","og_description":"The schedule of services for the Romanian Orthodox Parish of Saint Gregory Palamas in Peterborough, Archdiocese of Great Britain","og_url":"https:\/\/orthodoxchurchpbo.org.uk\/ro\/services\/","og_site_name":"Romanian Orthodox Church Peterborough","article_publisher":"https:\/\/www.facebook.com\/groups\/707407328158872\/discussion\/preview","article_modified_time":"2026-04-04T19:21:38+00:00","og_image":[{"width":243,"height":319,"url":"https:\/\/orthodoxchurchpbo.org.uk\/wp-content\/uploads\/2026\/04\/image.png","type":"image\/png"}],"twitter_card":"summary_large_image","twitter_misc":{"Timp estimat pentru citire":"2 minute"},"schema":{"@context":"https:\/\/schema.org","@graph":[{"@type":"WebPage","@id":"https:\/\/orthodoxchurchpbo.org.uk\/services\/","url":"https:\/\/orthodoxchurchpbo.org.uk\/services\/","name":"Programul Slujbelor \/ Schedule of Services Peterborough - Romanian Orthodox Church Peterborough","isPartOf":{"@id":"https:\/\/orthodoxchurchpbo.org.uk\/#website"},"primaryImageOfPage":{"@id":"https:\/\/orthodoxchurchpbo.org.uk\/services\/#primaryimage"},"image":{"@id":"https:\/\/orthodoxchurchpbo.org.uk\/services\/#primaryimage"},"thumbnailUrl":"https:\/\/orthodoxchurchpbo.org.uk\/wp-content\/uploads\/2026\/04\/image.png","datePublished":"2025-07-24T15:58:13+00:00","dateModified":"2026-04-04T19:21:38+00:00","description":"The schedule of services for the Romanian Orthodox Parish of Saint Gregory Palamas in Peterborough, Archdiocese of Great Britain","breadcrumb":{"@id":"https:\/\/orthodoxchurchpbo.org.uk\/services\/#breadcrumb"},"inLanguage":"ro-RO","potentialAction":[{"@type":"ReadAction","target":["https:\/\/orthodoxchurchpbo.org.uk\/services\/"]}]},{"@type":"ImageObject","inLanguage":"ro-RO","@id":"https:\/\/orthodoxchurchpbo.org.uk\/services\/#primaryimage","url":"https:\/\/orthodoxchurchpbo.org.uk\/wp-content\/uploads\/2026\/04\/image.png","contentUrl":"https:\/\/orthodoxchurchpbo.org.uk\/wp-content\/uploads\/2026\/04\/image.png"},{"@type":"BreadcrumbList","@id":"https:\/\/orthodoxchurchpbo.org.uk\/services\/#breadcrumb","itemListElement":[{"@type":"ListItem","position":1,"name":"Home","item":"https:\/\/orthodoxchurchpbo.org.uk\/"},{"@type":"ListItem","position":2,"name":"Programul Slujbelor \/ Schedule of Services Peterborough"}]},{"@type":"WebSite","@id":"https:\/\/orthodoxchurchpbo.org.uk\/#website","url":"https:\/\/orthodoxchurchpbo.org.uk\/","name":"Biserica Ortodox\u0103 Rom\u00e2n\u0103 Peterborough","description":"Peace to all!","publisher":{"@id":"https:\/\/orthodoxchurchpbo.org.uk\/#organization"},"potentialAction":[{"@type":"SearchAction","target":{"@type":"EntryPoint","urlTemplate":"https:\/\/orthodoxchurchpbo.org.uk\/?s={search_term_string}"},"query-input":{"@type":"PropertyValueSpecification","valueRequired":true,"valueName":"search_term_string"}}],"inLanguage":"ro-RO"},{"@type":"Organization","@id":"https:\/\/orthodoxchurchpbo.org.uk\/#organization","name":"Biserica Ortodox\u0103 Rom\u00e2n\u0103 Peterborough","url":"https:\/\/orthodoxchurchpbo.org.uk\/","logo":{"@type":"ImageObject","inLanguage":"ro-RO","@id":"https:\/\/orthodoxchurchpbo.org.uk\/#\/schema\/logo\/image\/","url":"https:\/\/orthodoxchurchpbo.org.uk\/wp-content\/uploads\/2025\/07\/sf.GrigoriePalama.jpg","contentUrl":"https:\/\/orthodoxchurchpbo.org.uk\/wp-content\/uploads\/2025\/07\/sf.GrigoriePalama.jpg","width":510,"height":709,"caption":"Romanian Orthodox Church Peterborough"},"image":{"@id":"https:\/\/orthodoxchurchpbo.org.uk\/#\/schema\/logo\/image\/"},"sameAs":["https:\/\/www.facebook.com\/groups\/707407328158872\/discussion\/preview"]}]}},"_links":{"self":[{"href":"https:\/\/orthodoxchurchpbo.org.uk\/ro\/wp-json\/wp\/v2\/pages\/20","targetHints":{"allow":["GET"]}}],"collection":[{"href":"https:\/\/orthodoxchurchpbo.org.uk\/ro\/wp-json\/wp\/v2\/pages"}],"about":[{"href":"https:\/\/orthodoxchurchpbo.org.uk\/ro\/wp-json\/wp\/v2\/types\/page"}],"author":[{"embeddable":true,"href":"https:\/\/orthodoxchurchpbo.org.uk\/ro\/wp-json\/wp\/v2\/users\/1"}],"replies":[{"embeddable":true,"href":"https:\/\/orthodoxchurchpbo.org.uk\/ro\/wp-json\/wp\/v2\/comments?post=20"}],"version-history":[{"count":29,"href":"https:\/\/orthodoxchurchpbo.org.uk\/ro\/wp-json\/wp\/v2\/pages\/20\/revisions"}],"predecessor-version":[{"id":121,"href":"https:\/\/orthodoxchurchpbo.org.uk\/ro\/wp-json\/wp\/v2\/pages\/20\/revisions\/121"}],"wp:attachment":[{"href":"https:\/\/orthodoxchurchpbo.org.uk\/ro\/wp-json\/wp\/v2\/media?parent=20"}],"curies":[{"name":"wp","href":"https:\/\/api.w.org\/{rel}","templated":true}]}}